{"id":290,"date":"2022-02-15T11:51:48","date_gmt":"2022-02-15T10:51:48","guid":{"rendered":"https:\/\/swicz.com\/?page_id=290"},"modified":"2022-04-22T11:20:25","modified_gmt":"2022-04-22T09:20:25","slug":"coming-home","status":"publish","type":"page","link":"https:\/\/swicz.com\/de\/coming-home\/","title":{"rendered":"Coming Home"},"content":{"rendered":"<p class=\"has-text-align-center wp-block-paragraph\">Kurzfilm, 4min.<\/p>\n\n\n\n<figure class=\"wp-block-embed is-type-video is-provider-youtube wp-block-embed-youtube wp-embed-aspect-16-9 wp-has-aspect-ratio\"><div class=\"wp-block-embed__wrapper\">\n<div class=\"video-wrapper\"><span class=\"embed-youtube\" style=\"text-align:center; display: block;\"><iframe loading=\"lazy\" class=\"youtube-player\" width=\"840\" height=\"473\" src=\"https:\/\/www.youtube.com\/embed\/UaAhKEWEnOo?version=3&#038;rel=1&#038;showsearch=0&#038;showinfo=1&#038;iv_load_policy=1&#038;fs=1&#038;hl=de-AT&#038;autohide=2&#038;wmode=transparent\" allowfullscreen=\"true\" style=\"border:0;\" sandbox=\"allow-scripts allow-same-origin allow-popups allow-presentation allow-popups-to-escape-sandbox\"><\/iframe><\/span><\/div>\n<\/div><\/figure>\n\n\n\n<p class=\"wp-block-paragraph\"><strong>Endlich haben die amerikanischen Ureinwohner gegen die Eingewanderten gewonnen. Nun m\u00fcssen alle US-B\u00fcrger*innen mit Migrationshintergund zur\u00fcck zu ihren Wurzeln.<\/strong><br><br>Ein kurzer Film voller Stereotype unterstreicht die absurde Diskussion dar\u00fcber alle Einwanderer in ihre Herkunftsl\u00e4nder zur\u00fcckzuschicken.<\/p>\n\n\n\n<div class=\"wp-block-columns is-layout-flex wp-container-core-columns-is-layout-8f761849 wp-block-columns-is-layout-flex\">\n<div class=\"wp-block-column is-layout-flow wp-block-column-is-layout-flow\">\n<p class=\"has-small-font-size wp-block-paragraph\"><strong>Buch, Regie und Animation:<\/strong><br>Benjamin Swiczinsky<br><br><strong>Besetzung<\/strong><br>Shaun Streeter<br>Sara Logan Hofstein<br><br><strong>Hintergr\u00fcnde<\/strong><br>Benjamin Swiczinsky<br>Wendi Badini<br><br><strong>Sounddesign<\/strong><br>Alexander Zlamal<br><br><strong>Musik<\/strong><br>Bobby Vinton &#8220;Coming Home Soldier&#8221;<br><br><strong>Produzenten<\/strong><br>Johannes Schiehsl<br>Conrad Tambour<br>Benjamin Swiczinsky<br><br><strong>gef\u00f6rdert von der MA7 Kulturf\u00f6rderung der Stadt Wien<\/strong><br><strong>Vertrieb: SND Films<\/strong><br><br><strong>Copyright 2019 by Neuer \u00d6sterreichischer Trickfilm<\/strong><br><\/p>\n<\/div>\n\n\n\n<div class=\"wp-block-column is-layout-flow wp-block-column-is-layout-flow\">\n<p class=\"has-text-align-right has-small-font-size wp-block-paragraph\"><strong>AUSZEICHNUNGEN<br>Best Animation, Austrian Film Festival, Austria 2020<br>&#8220;Best of the World&#8221;, Hiroshima Animation Festival, Japan 2020<br>Honourable Mention, Festival of Nations, Austria 2020<br><\/strong><br><br><strong>FESTIVALAUSWAHL<\/strong><br>Internationales Trickfilmfestival Stuttgart, Germany 2022<br>Anifilm, Czech Republic 2022<br>Cine Mare, Germany 2022<br>Best Asutrian Animation Festival, Austria 2022<br>Academy Awards (Oscars) &#8211; Best Animated Short &#8211; Longlist, USA 2021<br>Internationales Trickfilmfestival Stuttgart, Germany 2021<br>Cine Court Anime, France 2021<br>Internationales Trickfilmfestival Stuttgart, Germany 2021<br>European Film Festival Lille &#8211; Longlist, France 2021<br>Bamberger Kurfilmtage, Germany 2021<br>Hiroshima Animation Festival, Japan 2020<br>Cortoons Festival, Spain 2020<br>Ars Electronica Festival, Austria 2020<br>Dumbo Film Festival New York, USA 2020<br>Krakow Film Festival , Poland 2020<br>Internationales Trickfilmfestival Stuttgart, Germany 2020<br>Anifilm, Czech Republic 2020<br>Animateka, Slovenia 2020<br>Bogoshorts, Colombia 2020<br>Festival of Nations, Austria 2020<br>Austrian Film Festival, Austria 2020<br>Pixel Vienna Filmfestival, Austria 2020<br>Two Day Animation Festival, Austria 2019<\/p>\n\n\n\n<p class=\"has-text-align-right has-small-font-size wp-block-paragraph\">TV <strong>FESTIVAL SCREENINGS<\/strong><br>Amazon Prime<br>Canal +<br>SchauTV<br>Aftenposten-TV<br><\/p>\n\n\n\n<p class=\"wp-block-paragraph\"><\/p>\n\n\n\n<p class=\"wp-block-paragraph\"><\/p>\n\n\n\n<p class=\"wp-block-paragraph\"><\/p>\n<\/div>\n<\/div>\n\n\n\n<p class=\"wp-block-paragraph\"><\/p>","protected":false},"excerpt":{"rendered":"<p>animated short, 4 min. &#8220;Finally the Cowboys have lost against the indians. So US-citizens with migration background are coming home&#8230;&#8221; A short film packed with stereotypes illustrating the absurd discussion about sending all people back to their homecountires, meaning the countries of their ancestors. Written, directed and animated byBenjamin Swiczinsky CastShaun StreeterSara Logan Hofstein BackgroundsBenjamin&hellip;<\/p>","protected":false},"author":216167297,"featured_media":0,"parent":0,"menu_order":0,"comment_status":"closed","ping_status":"closed","template":"","meta":{"_crdt_document":"","advanced_seo_description":"","jetpack_seo_html_title":"","jetpack_seo_noindex":false,"jetpack_post_was_ever_published":false,"footnotes":""},"class_list":["post-290","page","type-page","status-publish","hentry","empty-entry-meta"],"jetpack_likes_enabled":true,"jetpack_sharing_enabled":true,"jetpack_shortlink":"https:\/\/wp.me\/PdH822-4G","jetpack-related-posts":[],"_links":{"self":[{"href":"https:\/\/swicz.com\/de\/wp-json\/wp\/v2\/pages\/290","targetHints":{"allow":["GET"]}}],"collection":[{"href":"https:\/\/swicz.com\/de\/wp-json\/wp\/v2\/pages"}],"about":[{"href":"https:\/\/swicz.com\/de\/wp-json\/wp\/v2\/types\/page"}],"author":[{"embeddable":true,"href":"https:\/\/swicz.com\/de\/wp-json\/wp\/v2\/users\/216167297"}],"replies":[{"embeddable":true,"href":"https:\/\/swicz.com\/de\/wp-json\/wp\/v2\/comments?post=290"}],"version-history":[{"count":14,"href":"https:\/\/swicz.com\/de\/wp-json\/wp\/v2\/pages\/290\/revisions"}],"predecessor-version":[{"id":757,"href":"https:\/\/swicz.com\/de\/wp-json\/wp\/v2\/pages\/290\/revisions\/757"}],"wp:attachment":[{"href":"https:\/\/swicz.com\/de\/wp-json\/wp\/v2\/media?parent=290"}],"curies":[{"name":"wp","href":"https:\/\/api.w.org\/{rel}","templated":true}]}}