{"id":335,"date":"2022-02-15T14:43:24","date_gmt":"2022-02-15T13:43:24","guid":{"rendered":"https:\/\/swicz.com\/?page_id=335"},"modified":"2022-02-17T11:32:44","modified_gmt":"2022-02-17T10:32:44","slug":"faust","status":"publish","type":"page","link":"https:\/\/swicz.com\/de\/faust\/","title":{"rendered":"Faust"},"content":{"rendered":"<p class=\"has-text-align-center wp-block-paragraph\">Animationen f\u00fcr Kinofilm, 90min.<\/p>\n\n\n\n<figure class=\"wp-block-embed is-type-video is-provider-youtube wp-block-embed-youtube wp-embed-aspect-16-9 wp-has-aspect-ratio\"><div class=\"wp-block-embed__wrapper\">\n<div class=\"video-wrapper\"><span class=\"embed-youtube\" style=\"text-align:center; display: block;\"><iframe loading=\"lazy\" class=\"youtube-player\" width=\"840\" height=\"473\" src=\"https:\/\/www.youtube.com\/embed\/5T6MeOnGSBM?version=3&#038;rel=1&#038;showsearch=0&#038;showinfo=1&#038;iv_load_policy=1&#038;fs=1&#038;hl=de-AT&#038;autohide=2&#038;wmode=transparent\" allowfullscreen=\"true\" style=\"border:0;\" sandbox=\"allow-scripts allow-same-origin allow-popups allow-presentation allow-popups-to-escape-sandbox\"><\/iframe><\/span><\/div>\n<\/div><\/figure>\n\n\n\n<p class=\"wp-block-paragraph\"><strong>Ein Stummfilm, halb animiert, halb Realfilm, basierend auf Johann Wolfgang von Goethes ber\u00fchmtem Theaterst\u00fcck. Mit den Stimmen der beiden legend\u00e4ren Band-Frontm\u00e4nner Stefan Weber (Drahdiwaberl) und Georgij Makazaria (Russkaja).<\/strong><br><br>Benjamin hat bei diesem besonderen Film die Animationsregie \u00fcbernommen und es mitproduziert.<\/p>\n\n\n\n<div class=\"wp-block-columns is-layout-flex wp-container-core-columns-is-layout-8f761849 wp-block-columns-is-layout-flex\">\n<div class=\"wp-block-column is-layout-flow wp-block-column-is-layout-flow\">\n<p class=\"has-small-font-size wp-block-paragraph\"><strong>Buch und Regie<\/strong><br>Philipp Hochhauser<br><br><strong>Animation director<\/strong><br>Benjamin Swiczinsky<br><br><strong>Produzent<\/strong><br>Philipp Hochhauser<br>Bernhard Nicolics-Jahn<br>Benjamin Swiczinsky<br><br><strong>Besetzung<\/strong><br>Georgij Makazaria<br>Stefan Weber<br>Bernhard Pauman<br>Richard Tanzer<br>Ramin Nikzad<br>Anita Groissmayer<br>Roswitha Hochhauser<br><br>D<strong>oP\/Editor<\/strong><br>Bernhard Nicolics-Jahn<br><br><strong>Animation<\/strong><br>Benjamin Swiczinsky<br>Robert Maresch<br>Tim Maresch<br>Gerhard Maresch<br>Ruth Altenhofer<br>Mario Karner<br>Christian Koppold<br>Eva Ruth<br>Stephan Herndlbauer<br>Christian Bast<br><br><strong>Color\/CleanUp<\/strong><br>Boris Steiner<br>Birgit Binder<br><br><strong>Compositing<\/strong><br>Thorsten L\u00f6ffler<br>Benjamin Swiczinsky<br><br>C<strong>oncept Artists<\/strong><br>Timur Tietze<br>Holger Sadek<br><br><br><br><strong>Musik<\/strong><br>Alexander Zlamal<br><\/p>\n\n\n\n<p class=\"has-small-font-size wp-block-paragraph\"><strong><strong>A Faustfilm production 200<\/strong>9<br><\/strong><\/p>\n<\/div>\n\n\n\n<div class=\"wp-block-column is-layout-flow wp-block-column-is-layout-flow\">\n<p class=\"has-text-align-right has-small-font-size wp-block-paragraph\"><br><strong>FESTIVAL SCREENINGS<\/strong><br><\/p>\n\n\n\n<p class=\"has-text-align-right has-small-font-size wp-block-paragraph\"><br><\/p>\n\n\n\n<p class=\"has-text-align-right has-small-font-size wp-block-paragraph\"><br><\/p>\n\n\n\n<p class=\"wp-block-paragraph\"><\/p>\n\n\n\n<p class=\"wp-block-paragraph\"><\/p>\n\n\n\n<p class=\"wp-block-paragraph\"><\/p>\n<\/div>\n<\/div>\n\n\n\n<p class=\"wp-block-paragraph\"><\/p>","protected":false},"excerpt":{"rendered":"<p>animations for feature film, 90 min. A silent half-animated\/half-liveaction movie based on Johann Wolfgang von Goethes famous play. Starring the voices of two legendary band-frontmen Stefan Weber (Drahdiwaberl) and Georgij Makazaria (Russkaja). Benjamin did the animation direction on this extraordinary piece and co-produced it. Written &amp; Directed byPhilipp Hochhauser Animation directorBenjamin Swiczinsky ProducerPhilipp HochhauserBernhard Nicolics-JahnBenjamin&hellip;<\/p>","protected":false},"author":216167297,"featured_media":0,"parent":0,"menu_order":0,"comment_status":"closed","ping_status":"closed","template":"","meta":{"_crdt_document":"","advanced_seo_description":"","jetpack_seo_html_title":"","jetpack_seo_noindex":false,"jetpack_post_was_ever_published":false,"footnotes":""},"class_list":["post-335","page","type-page","status-publish","hentry","empty-entry-meta"],"jetpack_likes_enabled":true,"jetpack_sharing_enabled":true,"jetpack_shortlink":"https:\/\/wp.me\/PdH822-5p","jetpack-related-posts":[],"_links":{"self":[{"href":"https:\/\/swicz.com\/de\/wp-json\/wp\/v2\/pages\/335","targetHints":{"allow":["GET"]}}],"collection":[{"href":"https:\/\/swicz.com\/de\/wp-json\/wp\/v2\/pages"}],"about":[{"href":"https:\/\/swicz.com\/de\/wp-json\/wp\/v2\/types\/page"}],"author":[{"embeddable":true,"href":"https:\/\/swicz.com\/de\/wp-json\/wp\/v2\/users\/216167297"}],"replies":[{"embeddable":true,"href":"https:\/\/swicz.com\/de\/wp-json\/wp\/v2\/comments?post=335"}],"version-history":[{"count":8,"href":"https:\/\/swicz.com\/de\/wp-json\/wp\/v2\/pages\/335\/revisions"}],"predecessor-version":[{"id":479,"href":"https:\/\/swicz.com\/de\/wp-json\/wp\/v2\/pages\/335\/revisions\/479"}],"wp:attachment":[{"href":"https:\/\/swicz.com\/de\/wp-json\/wp\/v2\/media?parent=335"}],"curies":[{"name":"wp","href":"https:\/\/api.w.org\/{rel}","templated":true}]}}