{"id":371,"date":"2022-02-15T15:37:48","date_gmt":"2022-02-15T14:37:48","guid":{"rendered":"https:\/\/swicz.com\/?page_id=371"},"modified":"2022-02-21T15:11:01","modified_gmt":"2022-02-21T14:11:01","slug":"tracking-edith","status":"publish","type":"page","link":"https:\/\/swicz.com\/de\/tracking-edith\/","title":{"rendered":"Auf Ediths Spuren"},"content":{"rendered":"<p class=\"has-text-align-center wp-block-paragraph\">Animationen f\u00fcr Dokumentarfilm<\/p>\n\n\n\n<figure class=\"wp-block-embed is-type-video is-provider-youtube wp-block-embed-youtube wp-embed-aspect-16-9 wp-has-aspect-ratio\"><div class=\"wp-block-embed__wrapper\">\n<div class=\"video-wrapper\"><span class=\"embed-youtube\" style=\"text-align:center; display: block;\"><iframe loading=\"lazy\" class=\"youtube-player\" width=\"840\" height=\"473\" src=\"https:\/\/www.youtube.com\/embed\/P0e_he0bim4?version=3&#038;rel=1&#038;showsearch=0&#038;showinfo=1&#038;iv_load_policy=1&#038;fs=1&#038;hl=de-AT&#038;autohide=2&#038;wmode=transparent\" allowfullscreen=\"true\" style=\"border:0;\" sandbox=\"allow-scripts allow-same-origin allow-popups allow-presentation allow-popups-to-escape-sandbox\"><\/iframe><\/span><\/div>\n<\/div><\/figure>\n\n\n\n<p class=\"wp-block-paragraph\"><strong>Ein abendf\u00fcllender Dokumentarfilm von Peter Stephan Jungk, der versucht, die Wahrheit \u00fcber das Leben seiner Tante in \u00d6sterreich, Gro\u00dfbritannien und Russland aufzudecken.<\/strong><\/p>\n\n\n\n<p class=\"wp-block-paragraph\">Wenn sie nicht als sowjetische Agentin arbeitete, fotografierte sie Londoner Arbeiter und Stra\u00dfenkinder. Geheimagentin zu sein, scheint f\u00fcr die Fotografin Edith Tudor-Hart nicht selbstverst\u00e4ndlich gewesen zu sein. Dennoch war sie in einer wichtigen Hinsicht erfolgreich: Sie rekrutierte Kim Philby, eine der Cambridge Five. Ein Dokumentarfilm \u00fcber den renommierten Fotografen, \u00fcber einen Spion mit Gewissen und verborgenen Geheimnissen einer Familie.<\/p>\n\n\n\n<p class=\"wp-block-paragraph\">In mehreren Animationssequenzen haben wir die wichtigsten Stationen aus Ediths Leben wieder zum Leben erweckt.<\/p>\n\n\n\n<div class=\"wp-block-buttons is-layout-flex wp-block-buttons-is-layout-flex\">\n<div class=\"wp-block-button aligncenter has-custom-font-size has-small-font-size\"><a class=\"wp-block-button__link\" href=\"https:\/\/swicz.com\/de\/tracking-edith-2\/\">MAKING OF<\/a><\/div>\n<\/div>\n\n\n\n<div class=\"wp-block-columns is-layout-flex wp-container-core-columns-is-layout-8f761849 wp-block-columns-is-layout-flex\">\n<div class=\"wp-block-column is-layout-flow wp-block-column-is-layout-flow\">\n<p class=\"has-small-font-size wp-block-paragraph\"><strong>CREDITS ANIMATION\/VFX<br><\/strong><br><strong>Animation Director \/ Storyboard \/ Titledesign<\/strong><br>Benjamin Swiczinsky<\/p>\n\n\n\n<p class=\"has-small-font-size wp-block-paragraph\"><strong>Character Design<\/strong><br>Conrad Tambour<br><br><strong>Hintergr\u00fcnde<\/strong><br>Benjamin Swiczinsky<br>Timur Tietze<br><br><strong>Lead Animation<\/strong><br>Santiago Lopez Jover<br>Manuel Galiana<br><br><strong>Animation<\/strong><br>Benjamin Swiczinsky<br>Natalia Marcos<br>Sascha Vernik<br>Guillermo Segui<br>Conrad Tambour<br><br><strong>3D Modeling<\/strong><br>Conrad Tambour<br>Thomas Bruneder<br><br><strong>3D Models<\/strong>\/ <strong>Camera Projection Mapping<\/strong><br>Johannes Schiehsl<\/p>\n\n\n\n<p class=\"has-small-font-size wp-block-paragraph\"><strong>Animation Producer<\/strong><br>Johannes Schiehsl<br>Conrad Tambour<br>Benjamin Swiczinsky<br><\/p>\n\n\n\n<p class=\"has-small-font-size wp-block-paragraph\"><br><strong>Commissioned by PearTree Entertainment \/ Transmitterfilm<\/strong>, <strong>Copyright 2016<\/strong><\/p>\n<\/div>\n\n\n\n<div class=\"wp-block-column is-layout-flow wp-block-column-is-layout-flow\">\n<p class=\"has-text-align-right has-small-font-size wp-block-paragraph\"><br><\/p>\n\n\n\n<p class=\"has-text-align-right has-small-font-size wp-block-paragraph\"><br><\/p>\n\n\n\n<p class=\"wp-block-paragraph\"><\/p>\n\n\n\n<p class=\"wp-block-paragraph\"><\/p>\n\n\n\n<p class=\"wp-block-paragraph\"><\/p>\n<\/div>\n<\/div>\n\n\n\n<p class=\"wp-block-paragraph\"><\/p>","protected":false},"excerpt":{"rendered":"<p>animation sequences for documentary &#8220;Tracking Edith&#8221; is a feature length documentary by Peter Stephan Jungk who tries to unravel the truth about his aunt\u2019s life, in Austria, Great Britain and Russia. When she wasn\u2019t working as a Soviet agent, she was taking photos of London\u2019s workers and street children. Being a secret agent doesn\u2019t seem&hellip;<\/p>","protected":false},"author":216167297,"featured_media":0,"parent":0,"menu_order":0,"comment_status":"closed","ping_status":"closed","template":"","meta":{"_crdt_document":"","advanced_seo_description":"","jetpack_seo_html_title":"","jetpack_seo_noindex":false,"jetpack_post_was_ever_published":false,"footnotes":""},"class_list":["post-371","page","type-page","status-publish","hentry","empty-entry-meta"],"jetpack_likes_enabled":true,"jetpack_sharing_enabled":true,"jetpack_shortlink":"https:\/\/wp.me\/PdH822-5Z","jetpack-related-posts":[],"_links":{"self":[{"href":"https:\/\/swicz.com\/de\/wp-json\/wp\/v2\/pages\/371","targetHints":{"allow":["GET"]}}],"collection":[{"href":"https:\/\/swicz.com\/de\/wp-json\/wp\/v2\/pages"}],"about":[{"href":"https:\/\/swicz.com\/de\/wp-json\/wp\/v2\/types\/page"}],"author":[{"embeddable":true,"href":"https:\/\/swicz.com\/de\/wp-json\/wp\/v2\/users\/216167297"}],"replies":[{"embeddable":true,"href":"https:\/\/swicz.com\/de\/wp-json\/wp\/v2\/comments?post=371"}],"version-history":[{"count":6,"href":"https:\/\/swicz.com\/de\/wp-json\/wp\/v2\/pages\/371\/revisions"}],"predecessor-version":[{"id":704,"href":"https:\/\/swicz.com\/de\/wp-json\/wp\/v2\/pages\/371\/revisions\/704"}],"wp:attachment":[{"href":"https:\/\/swicz.com\/de\/wp-json\/wp\/v2\/media?parent=371"}],"curies":[{"name":"wp","href":"https:\/\/api.w.org\/{rel}","templated":true}]}}